{"id":1653,"date":"2022-03-22T17:42:42","date_gmt":"2022-03-22T17:42:42","guid":{"rendered":"https:\/\/yogaparla.es\/?page_id=1653"},"modified":"2025-07-11T12:51:48","modified_gmt":"2025-07-11T12:51:48","slug":"nuestros-niveles-de-clases-de-yoga","status":"publish","type":"page","link":"https:\/\/yogaparla.es\/?page_id=1653","title":{"rendered":"Nuestros niveles de clases de Yoga"},"content":{"rendered":"\n<p>En Centro Mushin contamos con siete niveles de pr\u00e1ctica:<\/p>\n\n\n\n<h2 class=\"wp-block-heading\">Clases de Yoga para ADULTOS<\/h2>\n\n\n\n<h3 class=\"wp-block-heading\"><strong>Nivel 1 y 2<\/strong><\/h3>\n\n\n\n<div class=\"wp-block-media-text alignwide is-stacked-on-mobile\"><figure class=\"wp-block-media-text__media\"><img loading=\"lazy\" decoding=\"async\" width=\"1024\" height=\"576\" src=\"https:\/\/yogaparla.es\/wp-content\/uploads\/2024\/03\/WhatsApp-Image-2024-03-22-at-10.57.37-1024x576.jpeg\" alt=\"\" class=\"wp-image-2167 size-full\" srcset=\"https:\/\/yogaparla.es\/wp-content\/uploads\/2024\/03\/WhatsApp-Image-2024-03-22-at-10.57.37-1024x576.jpeg 1024w, https:\/\/yogaparla.es\/wp-content\/uploads\/2024\/03\/WhatsApp-Image-2024-03-22-at-10.57.37-300x169.jpeg 300w, https:\/\/yogaparla.es\/wp-content\/uploads\/2024\/03\/WhatsApp-Image-2024-03-22-at-10.57.37-768x432.jpeg 768w, https:\/\/yogaparla.es\/wp-content\/uploads\/2024\/03\/WhatsApp-Image-2024-03-22-at-10.57.37.jpeg 1280w\" sizes=\"auto, (max-width: 767px) 89vw, (max-width: 1000px) 54vw, (max-width: 1071px) 543px, 580px\" \/><\/figure><div class=\"wp-block-media-text__content\">\n<p class=\"has-small-font-size\">Niveles donde se asientan los <strong>principios b\u00e1sicos de ajuste y alineamiento<\/strong> en asana. Se ense\u00f1an las posturas de pie y los estiramientos hacia delante y hacia atr\u00e1s b\u00e1sicos. Se introducen <strong>Salamba Sirsasana I<\/strong>,  <strong>Salamba Sarvangasana I<\/strong> y <strong>Halasana<\/strong>. <\/p>\n\n\n\n<p><\/p>\n<\/div><\/div>\n\n\n\n<h3 class=\"wp-block-heading\"><strong>Nivel 3<\/strong><\/h3>\n\n\n\n<div class=\"wp-block-media-text alignwide is-stacked-on-mobile\"><figure class=\"wp-block-media-text__media\"><img loading=\"lazy\" decoding=\"async\" width=\"1024\" height=\"768\" src=\"https:\/\/yogaparla.es\/wp-content\/uploads\/2024\/03\/WhatsApp-Image-2024-03-22-at-11.00.58-1024x768.jpeg\" alt=\"\" class=\"wp-image-2168 size-full\" srcset=\"https:\/\/yogaparla.es\/wp-content\/uploads\/2024\/03\/WhatsApp-Image-2024-03-22-at-11.00.58-1024x768.jpeg 1024w, https:\/\/yogaparla.es\/wp-content\/uploads\/2024\/03\/WhatsApp-Image-2024-03-22-at-11.00.58-300x225.jpeg 300w, https:\/\/yogaparla.es\/wp-content\/uploads\/2024\/03\/WhatsApp-Image-2024-03-22-at-11.00.58-768x576.jpeg 768w, https:\/\/yogaparla.es\/wp-content\/uploads\/2024\/03\/WhatsApp-Image-2024-03-22-at-11.00.58-1536x1152.jpeg 1536w, https:\/\/yogaparla.es\/wp-content\/uploads\/2024\/03\/WhatsApp-Image-2024-03-22-at-11.00.58-1320x990.jpeg 1320w, https:\/\/yogaparla.es\/wp-content\/uploads\/2024\/03\/WhatsApp-Image-2024-03-22-at-11.00.58.jpeg 2048w\" sizes=\"auto, (max-width: 767px) 89vw, (max-width: 1000px) 54vw, (max-width: 1071px) 543px, 580px\" \/><\/figure><div class=\"wp-block-media-text__content\">\n<p class=\"has-small-font-size\">Tras fijar los principios b\u00e1sicos, en este grupo se busca <strong>profundizar en las posturas<\/strong> ya realizadas. Se introducen<strong> <\/strong>nuevas invertidas, estiramientos hacia delante y hacia atr\u00e1s, as\u00ed como equilibrios b\u00e1sicos.<\/p>\n\n\n\n<p class=\"has-small-font-size\">Se comienza con la pr\u00e1ctica de <strong>Pranayama<\/strong>.<\/p>\n\n\n\n<p>Ver horario general pinchando <a href=\"https:\/\/yogaparla.es\/?page_id=155\" data-type=\"URL\" data-id=\"https:\/\/yogaparla.es\/?page_id=155\">aqu\u00ed<\/a><\/p>\n<\/div><\/div>\n\n\n\n<h3 class=\"wp-block-heading\"><strong>Nivel General <\/strong><\/h3>\n\n\n\n<div class=\"wp-block-media-text alignwide is-stacked-on-mobile\"><figure class=\"wp-block-media-text__media\"><img loading=\"lazy\" decoding=\"async\" width=\"1024\" height=\"613\" src=\"https:\/\/yogaparla.es\/wp-content\/uploads\/2020\/04\/cropped-IMG_20190429_184037.449-e1586805512916-1-1024x613.jpg\" alt=\"\" class=\"wp-image-364 size-full\" srcset=\"https:\/\/yogaparla.es\/wp-content\/uploads\/2020\/04\/cropped-IMG_20190429_184037.449-e1586805512916-1-1024x613.jpg 1024w, https:\/\/yogaparla.es\/wp-content\/uploads\/2020\/04\/cropped-IMG_20190429_184037.449-e1586805512916-1-300x180.jpg 300w, https:\/\/yogaparla.es\/wp-content\/uploads\/2020\/04\/cropped-IMG_20190429_184037.449-e1586805512916-1-768x460.jpg 768w, https:\/\/yogaparla.es\/wp-content\/uploads\/2020\/04\/cropped-IMG_20190429_184037.449-e1586805512916-1-1536x920.jpg 1536w, https:\/\/yogaparla.es\/wp-content\/uploads\/2020\/04\/cropped-IMG_20190429_184037.449-e1586805512916-1-1320x791.jpg 1320w, https:\/\/yogaparla.es\/wp-content\/uploads\/2020\/04\/cropped-IMG_20190429_184037.449-e1586805512916-1.jpg 2000w\" sizes=\"auto, (max-width: 767px) 89vw, (max-width: 1000px) 54vw, (max-width: 1071px) 543px, 580px\" \/><\/figure><div class=\"wp-block-media-text__content\">\n<p class=\"has-small-font-size\"><strong>Acceden a este nivel los alumnos que han completado los estadios anteriores<\/strong>. En este nivel se trabajan todas las familias de posturas, introduciendo nuevas asanas en funci\u00f3n del compromiso de los alumnos con la pr\u00e1ctica. <\/p>\n\n\n\n<p>Ver horario general pinchando <a href=\"https:\/\/yogaparla.es\/?page_id=155\" data-type=\"URL\" data-id=\"https:\/\/yogaparla.es\/?page_id=155\">aqu\u00ed<\/a><\/p>\n<\/div><\/div>\n\n\n\n<h3 class=\"wp-block-heading\"><strong><em>Mujer<\/em><\/strong><\/h3>\n\n\n\n<div class=\"wp-block-media-text alignwide is-stacked-on-mobile\"><figure class=\"wp-block-media-text__media\"><img loading=\"lazy\" decoding=\"async\" width=\"1024\" height=\"568\" src=\"https:\/\/yogaparla.es\/wp-content\/uploads\/2020\/04\/IMG_20190529_181316_208-scaled-e1586773173553-1024x568.jpg\" alt=\"Clases de Yoga Centro Mushin - Yoga mujeres\" class=\"wp-image-319 size-full\" srcset=\"https:\/\/yogaparla.es\/wp-content\/uploads\/2020\/04\/IMG_20190529_181316_208-scaled-e1586773173553-1024x568.jpg 1024w, https:\/\/yogaparla.es\/wp-content\/uploads\/2020\/04\/IMG_20190529_181316_208-scaled-e1586773173553-300x166.jpg 300w, https:\/\/yogaparla.es\/wp-content\/uploads\/2020\/04\/IMG_20190529_181316_208-scaled-e1586773173553-768x426.jpg 768w, https:\/\/yogaparla.es\/wp-content\/uploads\/2020\/04\/IMG_20190529_181316_208-scaled-e1586773173553-1536x852.jpg 1536w, https:\/\/yogaparla.es\/wp-content\/uploads\/2020\/04\/IMG_20190529_181316_208-scaled-e1586773173553-2048x1136.jpg 2048w, https:\/\/yogaparla.es\/wp-content\/uploads\/2020\/04\/IMG_20190529_181316_208-scaled-e1586773173553-1320x732.jpg 1320w\" sizes=\"auto, (max-width: 767px) 89vw, (max-width: 1000px) 54vw, (max-width: 1071px) 543px, 580px\" \/><\/figure><div class=\"wp-block-media-text__content\">\n<p class=\"has-small-font-size\">Clases en las que se desarrolla un programa espec\u00edfico para el beneficio de la salud femenina (desajustes hormonales, postparto, menopausia, miomas, quistes&#8230;). <\/p>\n\n\n\n<p class=\"has-small-font-size\">Para acceder a este grupo se debe haber practicado al menos un a\u00f1o de nivel 2.<\/p>\n\n\n\n<p>D\u00eda: Mi\u00e9rcoles de 18.15 a 20 horas<\/p>\n<\/div><\/div>\n\n\n\n<h3 class=\"wp-block-heading\"><strong><em>Restaurativa<\/em><\/strong><\/h3>\n\n\n\n<div class=\"wp-block-media-text alignwide is-stacked-on-mobile\"><figure class=\"wp-block-media-text__media\"><img loading=\"lazy\" decoding=\"async\" width=\"1024\" height=\"682\" src=\"https:\/\/yogaparla.es\/wp-content\/uploads\/2020\/04\/Ardha-Halasana-con-soporte-1024x682.jpg\" alt=\"\" class=\"wp-image-613 size-full\" srcset=\"https:\/\/yogaparla.es\/wp-content\/uploads\/2020\/04\/Ardha-Halasana-con-soporte-1024x682.jpg 1024w, https:\/\/yogaparla.es\/wp-content\/uploads\/2020\/04\/Ardha-Halasana-con-soporte-300x200.jpg 300w, https:\/\/yogaparla.es\/wp-content\/uploads\/2020\/04\/Ardha-Halasana-con-soporte-768x512.jpg 768w, https:\/\/yogaparla.es\/wp-content\/uploads\/2020\/04\/Ardha-Halasana-con-soporte-1536x1024.jpg 1536w, https:\/\/yogaparla.es\/wp-content\/uploads\/2020\/04\/Ardha-Halasana-con-soporte-1320x880.jpg 1320w, https:\/\/yogaparla.es\/wp-content\/uploads\/2020\/04\/Ardha-Halasana-con-soporte.jpg 1619w\" sizes=\"auto, (max-width: 767px) 89vw, (max-width: 1000px) 54vw, (max-width: 1071px) 543px, 580px\" \/><\/figure><div class=\"wp-block-media-text__content\">\n<p class=\"has-small-font-size\">Pr\u00e1ctica con soportes en funci\u00f3n de la patolog\u00eda o situaci\u00f3n actual del practicante.<\/p>\n\n\n\n<p>D\u00eda: Mi\u00e9rcoles de 9.45 a 11.30 horas<\/p>\n<\/div><\/div>\n\n\n\n<hr class=\"wp-block-separator has-css-opacity is-style-wide\"\/>\n\n\n\n<p class=\"has-text-align-center\">Si tienes cualquier consulta, puedes ponerte en <strong>contacto<\/strong> con nosotros escribi\u00e9ndonos al email <strong><a rel=\"noreferrer noopener\" href=\"mailto:info@centromushin.es\" target=\"_blank\">info@centromushin.es<\/a><\/strong>, llamando al tel\u00e9fono <strong>+34 91 014 50 52<\/strong> o rellenando el <strong><a href=\"https:\/\/yogaparla.es\/?page_id=142\" data-type=\"page\" data-id=\"142\">formulario de contacto<\/a><\/strong>.<\/p>\n\n\n\n<div class=\"wp-block-columns is-layout-flex wp-container-core-columns-is-layout-9d6595d7 wp-block-columns-is-layout-flex\">\n<div class=\"wp-block-column is-layout-flow wp-block-column-is-layout-flow\">\n<div class=\"wp-block-buttons is-layout-flex wp-block-buttons-is-layout-flex\">\n<div class=\"wp-block-button is-style-outline is-style-outline--2\"><a class=\"wp-block-button__link no-border-radius wp-element-button\" href=\"https:\/\/yogaparla.es\/?page_id=5\">Profesores<\/a><\/div>\n<\/div>\n<\/div>\n\n\n\n<div class=\"wp-block-column is-layout-flow wp-block-column-is-layout-flow\">\n<div class=\"wp-block-buttons is-layout-flex wp-block-buttons-is-layout-flex\">\n<div class=\"wp-block-button is-style-outline is-style-outline--3\"><a class=\"wp-block-button__link no-border-radius wp-element-button\" href=\"https:\/\/yogaparla.es\/?page_id=155\">Clases<\/a><\/div>\n<\/div>\n<\/div>\n\n\n\n<div class=\"wp-block-column is-layout-flow wp-block-column-is-layout-flow\">\n<div class=\"wp-block-buttons is-layout-flex wp-block-buttons-is-layout-flex\">\n<div class=\"wp-block-button is-style-outline is-style-outline--4\"><a class=\"wp-block-button__link no-border-radius wp-element-button\" href=\"https:\/\/yogaparla.es\/?page_id=87\">sobre Patanjali<\/a><\/div>\n<\/div>\n<\/div>\n<\/div>\n","protected":false},"excerpt":{"rendered":"<p>En Centro Mushin contamos con siete niveles de pr\u00e1ctica: Clases de Yoga para ADULTOS Nivel 1 y 2 Niveles donde se asientan los principios b\u00e1sicos de ajuste y alineamiento en asana. Se ense\u00f1an las posturas de pie y los estiramientos hacia delante y hacia atr\u00e1s b\u00e1sicos. Se introducen Salamba Sirsasana I, Salamba Sarvangasana I y &hellip; <\/p>\n<p class=\"link-more\"><a href=\"https:\/\/yogaparla.es\/?page_id=1653\" class=\"more-link\">Continuar leyendo<span class=\"screen-reader-text\"> \u00abNuestros niveles de clases de Yoga\u00bb<\/span><\/a><\/p>\n","protected":false},"author":1,"featured_media":0,"parent":155,"menu_order":2,"comment_status":"closed","ping_status":"closed","template":"","meta":{"footnotes":""},"class_list":["post-1653","page","type-page","status-publish","hentry"],"_links":{"self":[{"href":"https:\/\/yogaparla.es\/index.php?rest_route=\/wp\/v2\/pages\/1653","targetHints":{"allow":["GET"]}}],"collection":[{"href":"https:\/\/yogaparla.es\/index.php?rest_route=\/wp\/v2\/pages"}],"about":[{"href":"https:\/\/yogaparla.es\/index.php?rest_route=\/wp\/v2\/types\/page"}],"author":[{"embeddable":true,"href":"https:\/\/yogaparla.es\/index.php?rest_route=\/wp\/v2\/users\/1"}],"replies":[{"embeddable":true,"href":"https:\/\/yogaparla.es\/index.php?rest_route=%2Fwp%2Fv2%2Fcomments&post=1653"}],"version-history":[{"count":18,"href":"https:\/\/yogaparla.es\/index.php?rest_route=\/wp\/v2\/pages\/1653\/revisions"}],"predecessor-version":[{"id":2531,"href":"https:\/\/yogaparla.es\/index.php?rest_route=\/wp\/v2\/pages\/1653\/revisions\/2531"}],"up":[{"embeddable":true,"href":"https:\/\/yogaparla.es\/index.php?rest_route=\/wp\/v2\/pages\/155"}],"wp:attachment":[{"href":"https:\/\/yogaparla.es\/index.php?rest_route=%2Fwp%2Fv2%2Fmedia&parent=1653"}],"curies":[{"name":"wp","href":"https:\/\/api.w.org\/{rel}","templated":true}]}}