{"id":142,"date":"2020-04-08T12:06:50","date_gmt":"2020-04-08T12:06:50","guid":{"rendered":"http:\/\/yogaparla.es\/?page_id=142"},"modified":"2025-06-24T10:21:06","modified_gmt":"2025-06-24T10:21:06","slug":"contacto-escuela-de-yoga-centro-mushin","status":"publish","type":"page","link":"https:\/\/yogaparla.es\/?page_id=142","title":{"rendered":"Contacto"},"content":{"rendered":"\n<p>La Escuela de Yoga Centro Mushin est\u00e1 ubicada en la calle <strong>Isabel II, 43<\/strong>, en la localidad de <strong>Parla (Madrid)<\/strong>. <\/p>\n\n\n\n<p>El Centro est\u00e1 abierto <strong>de Lunes a Viernes<\/strong> de 9.30 a 14 horas y de 16.30 a 20.30 horas, sin embargo, el <strong>horario de atenci\u00f3n para las clases de Yoga<\/strong> es 15 minutos antes del comienzo de cada clase y 10 minutos despu\u00e9s de concluir.<\/p>\n\n\n\n<div class=\"wp-block-columns is-layout-flex wp-container-core-columns-is-layout-9d6595d7 wp-block-columns-is-layout-flex\">\n<div class=\"wp-block-column is-layout-flow wp-block-column-is-layout-flow\">\n<figure class=\"wp-block-image size-large\"><img loading=\"lazy\" decoding=\"async\" width=\"1024\" height=\"768\" src=\"https:\/\/yogaparla.es\/wp-content\/uploads\/2021\/02\/IMG_20210226_135343-1024x768.jpg\" alt=\"\" class=\"wp-image-1399\" srcset=\"https:\/\/yogaparla.es\/wp-content\/uploads\/2021\/02\/IMG_20210226_135343-1024x768.jpg 1024w, https:\/\/yogaparla.es\/wp-content\/uploads\/2021\/02\/IMG_20210226_135343-300x225.jpg 300w, https:\/\/yogaparla.es\/wp-content\/uploads\/2021\/02\/IMG_20210226_135343-768x576.jpg 768w, https:\/\/yogaparla.es\/wp-content\/uploads\/2021\/02\/IMG_20210226_135343-1536x1152.jpg 1536w, https:\/\/yogaparla.es\/wp-content\/uploads\/2021\/02\/IMG_20210226_135343-2048x1536.jpg 2048w, https:\/\/yogaparla.es\/wp-content\/uploads\/2021\/02\/IMG_20210226_135343-1320x990.jpg 1320w\" sizes=\"auto, (max-width: 767px) 89vw, (max-width: 1000px) 54vw, (max-width: 1071px) 543px, 580px\" \/><figcaption class=\"wp-element-caption\">Fachada<\/figcaption><\/figure>\n<\/div>\n\n\n\n<div class=\"wp-block-column is-layout-flow wp-block-column-is-layout-flow\">\n<figure class=\"wp-block-image size-large\"><img loading=\"lazy\" decoding=\"async\" width=\"1024\" height=\"768\" src=\"https:\/\/yogaparla.es\/wp-content\/uploads\/2021\/02\/IMG_20210226_135537-1024x768.jpg\" alt=\"\" class=\"wp-image-1397\" srcset=\"https:\/\/yogaparla.es\/wp-content\/uploads\/2021\/02\/IMG_20210226_135537-1024x768.jpg 1024w, https:\/\/yogaparla.es\/wp-content\/uploads\/2021\/02\/IMG_20210226_135537-300x225.jpg 300w, https:\/\/yogaparla.es\/wp-content\/uploads\/2021\/02\/IMG_20210226_135537-768x576.jpg 768w, https:\/\/yogaparla.es\/wp-content\/uploads\/2021\/02\/IMG_20210226_135537-1536x1152.jpg 1536w, https:\/\/yogaparla.es\/wp-content\/uploads\/2021\/02\/IMG_20210226_135537-2048x1536.jpg 2048w, https:\/\/yogaparla.es\/wp-content\/uploads\/2021\/02\/IMG_20210226_135537-1320x990.jpg 1320w\" sizes=\"auto, (max-width: 767px) 89vw, (max-width: 1000px) 54vw, (max-width: 1071px) 543px, 580px\" \/><figcaption class=\"wp-element-caption\">Vestuarios<\/figcaption><\/figure>\n<\/div>\n\n\n\n<div class=\"wp-block-column is-layout-flow wp-block-column-is-layout-flow\">\n<figure class=\"wp-block-image size-large\"><img loading=\"lazy\" decoding=\"async\" width=\"1024\" height=\"768\" src=\"https:\/\/yogaparla.es\/wp-content\/uploads\/2021\/02\/IMG_20210226_135853-1024x768.jpg\" alt=\"\" class=\"wp-image-1398\" srcset=\"https:\/\/yogaparla.es\/wp-content\/uploads\/2021\/02\/IMG_20210226_135853-1024x768.jpg 1024w, https:\/\/yogaparla.es\/wp-content\/uploads\/2021\/02\/IMG_20210226_135853-300x225.jpg 300w, https:\/\/yogaparla.es\/wp-content\/uploads\/2021\/02\/IMG_20210226_135853-768x576.jpg 768w, https:\/\/yogaparla.es\/wp-content\/uploads\/2021\/02\/IMG_20210226_135853-1536x1152.jpg 1536w, https:\/\/yogaparla.es\/wp-content\/uploads\/2021\/02\/IMG_20210226_135853-2048x1536.jpg 2048w, https:\/\/yogaparla.es\/wp-content\/uploads\/2021\/02\/IMG_20210226_135853-1320x990.jpg 1320w\" sizes=\"auto, (max-width: 767px) 89vw, (max-width: 1000px) 54vw, (max-width: 1071px) 543px, 580px\" \/><figcaption class=\"wp-element-caption\">Sala de pr\u00e1ctica<\/figcaption><\/figure>\n<\/div>\n<\/div>\n\n\n\n<hr class=\"wp-block-separator has-css-opacity is-style-wide\"\/>\n\n\n\n<p>Si necesitas ponerte en contacto con la Escuela de Yoga Centro Mushin puedes hacerlo llam\u00e1ndonos al tel\u00e9fono <strong>+34 91 014 50 52<\/strong> o escribi\u00e9ndonos a <a rel=\"noreferrer noopener\" href=\"mailto:info@centromushin.es\" target=\"_blank\"><strong>info@centromushin.es<\/strong><\/a>.<br>Asimismo, puedes hacerlo rellenando el siguiente Formulario de Contacto. <\/p>\n\n\n\n<h2 class=\"wp-block-heading\"><em>Formulario de contacto<\/em><\/h2>\n\n\n\n<p>[wpforms id=\u00bb793&#8243; title=\u00bbfalse\u00bb description=\u00bbfalse\u00bb]<\/p>\n\n\n\n<div class=\"wp-block-columns is-layout-flex wp-container-core-columns-is-layout-9d6595d7 wp-block-columns-is-layout-flex\">\n<div class=\"wp-block-column is-layout-flow wp-block-column-is-layout-flow\">\n<div class=\"wp-block-buttons is-content-justification-left is-layout-flex wp-container-core-buttons-is-layout-fdcfc74e wp-block-buttons-is-layout-flex\">\n<div class=\"wp-block-button is-style-outline is-style-outline--2\"><a class=\"wp-block-button__link wp-element-button\" href=\"https:\/\/yogaparla.es\/\">Bienvenidos<\/a><\/div>\n<\/div>\n<\/div>\n\n\n\n<div class=\"wp-block-column is-layout-flow wp-block-column-is-layout-flow\">\n<div class=\"wp-block-buttons is-content-justification-left is-layout-flex wp-container-core-buttons-is-layout-fdcfc74e wp-block-buttons-is-layout-flex\">\n<div class=\"wp-block-button is-style-outline is-style-outline--3\"><a class=\"wp-block-button__link wp-element-button\" href=\"https:\/\/yogaparla.es\/?page_id=155\">Clases<\/a><\/div>\n<\/div>\n<\/div>\n\n\n\n<div class=\"wp-block-column is-layout-flow wp-block-column-is-layout-flow\">\n<div class=\"wp-block-buttons is-content-justification-left is-layout-flex wp-container-core-buttons-is-layout-fdcfc74e wp-block-buttons-is-layout-flex\">\n<div class=\"wp-block-button is-style-outline is-style-outline--4\"><a class=\"wp-block-button__link wp-element-button\" href=\"https:\/\/yogaparla.es\/?page_id=757\">Blog<\/a><\/div>\n<\/div>\n<\/div>\n<\/div>\n","protected":false},"excerpt":{"rendered":"<p>La Escuela de Yoga Centro Mushin est\u00e1 ubicada en la calle Isabel II, 43, en la localidad de Parla (Madrid). El Centro est\u00e1 abierto de Lunes a Viernes de 9.30 a 14 horas y de 16.30 a 20.30 horas, sin embargo, el horario de atenci\u00f3n para las clases de Yoga es 15 minutos antes del &hellip; <\/p>\n<p class=\"link-more\"><a href=\"https:\/\/yogaparla.es\/?page_id=142\" class=\"more-link\">Continuar leyendo<span class=\"screen-reader-text\"> \u00abContacto\u00bb<\/span><\/a><\/p>\n","protected":false},"author":1,"featured_media":0,"parent":0,"menu_order":0,"comment_status":"closed","ping_status":"closed","template":"","meta":{"footnotes":""},"class_list":["post-142","page","type-page","status-publish","hentry"],"_links":{"self":[{"href":"https:\/\/yogaparla.es\/index.php?rest_route=\/wp\/v2\/pages\/142","targetHints":{"allow":["GET"]}}],"collection":[{"href":"https:\/\/yogaparla.es\/index.php?rest_route=\/wp\/v2\/pages"}],"about":[{"href":"https:\/\/yogaparla.es\/index.php?rest_route=\/wp\/v2\/types\/page"}],"author":[{"embeddable":true,"href":"https:\/\/yogaparla.es\/index.php?rest_route=\/wp\/v2\/users\/1"}],"replies":[{"embeddable":true,"href":"https:\/\/yogaparla.es\/index.php?rest_route=%2Fwp%2Fv2%2Fcomments&post=142"}],"version-history":[{"count":20,"href":"https:\/\/yogaparla.es\/index.php?rest_route=\/wp\/v2\/pages\/142\/revisions"}],"predecessor-version":[{"id":2519,"href":"https:\/\/yogaparla.es\/index.php?rest_route=\/wp\/v2\/pages\/142\/revisions\/2519"}],"wp:attachment":[{"href":"https:\/\/yogaparla.es\/index.php?rest_route=%2Fwp%2Fv2%2Fmedia&parent=142"}],"curies":[{"name":"wp","href":"https:\/\/api.w.org\/{rel}","templated":true}]}}